{"id":751,"date":"2025-09-12T09:55:05","date_gmt":"2025-09-12T07:55:05","guid":{"rendered":"https:\/\/www.cfatec.fr\/privacy-policy\/"},"modified":"2025-11-13T11:19:28","modified_gmt":"2025-11-13T10:19:28","slug":"privacy-policy","status":"publish","type":"page","link":"https:\/\/www.cfatec.fr\/en\/privacy-policy\/","title":{"rendered":"Privacy policy"},"content":{"rendered":"\n<section class=\"wp-block-group alignwide is-layout-flow wp-block-group-is-layout-flow\">\n<p>La pr\u00e9sente Charte de Confidentialit\u00e9 s\u2019applique \u00e0 toutes sortes d\u2019informations que nous recueillons au travers de notre site internet <a href=\"https:\/\/www.cfatec.fr\/\">https:\/\/www.cfatec.fr\/<\/a>, ainsi qu\u2019\u00e0 travers les diff\u00e9rents r\u00e9seaux sociaux que nous utilisons.<\/p>\n\n\n\n<p>Cette charte de Confidentialit\u00e9 s\u2019applique \u00e9galement aux donn\u00e9es \u00e9ventuellement collect\u00e9es lors d\u2019un appel t\u00e9l\u00e9phonique ou lors d\u2019un contact par mail \u00e0 notre service client.<\/p>\n\n\n\n<p>La pr\u00e9sente Charte est susceptible d\u2019\u00e9voluer dans le temps. Nous vous invitons \u00e0 la consulter r\u00e9guli\u00e8rement pour conna\u00eetre les derni\u00e8res mises \u00e0 jour. <\/p>\n\n\n\n<h2 class=\"wp-block-heading\">Qui sommes-nous ?<\/h2>\n\n\n\n<p>La soci\u00e9t\u00e9 CFATEC est propri\u00e9taire du site <em>https:\/\/www.cfatec.fr<\/em><\/p>\n\n\n\n<p>Si vous avez des questions \u00e0 propos de notre Politique de Confidentialit\u00e9 ou du traitement de vos donn\u00e9es personnelles, contactez notre responsable de la protection des donn\u00e9es par courrier \u00e0 l\u2019adresse susvis\u00e9e ou par mail \u00e0 l\u2019adresse<em> contact@cfatec.fr<\/em><\/p>\n\n\n\n<h2 class=\"wp-block-heading\">Utilisation des donn\u00e9es personnelles collect\u00e9es<\/h2>\n\n\n\n<h3 class=\"wp-block-heading\">Quels types de donn\u00e9es collections-nous ?<\/h3>\n\n\n\n<p>Aucune information personnelle n\u2019est collect\u00e9e \u00e0 votre insu via les diff\u00e9rents formulaires pr\u00e9sents sur ce site internet.<\/p>\n\n\n\n<h3 class=\"wp-block-heading\">Formulaires de contact<\/h3>\n\n\n\n<p>Si vous utilisez l\u2019un des formulaires de contact pr\u00e9sents sur notre site internet pour nous contacter, seules les donn\u00e9es pr\u00e9sentes dans le dit formulaire nous seront transmises. Seuls les champs identifi\u00e9s par un ast\u00e9risque (*) seront obligatoires. Ces donn\u00e9es ne seront conserv\u00e9es que le temps de traiter votre demande et ne seront transmises \u00e0 aucun tiers.  <\/p>\n\n\n\n<h3 class=\"wp-block-heading\">Comments<\/h3>\n\n\n\n<p>Quand vous laissez un commentaire sur notre site web, les donn\u00e9es inscrites dans le formulaire de commentaire, mais aussi votre adresse IP et l\u2019agent utilisateur de votre navigateur sont collect\u00e9s pour nous aider \u00e0 la d\u00e9tection des commentaires ind\u00e9sirables.<\/p>\n\n\n\n<p>Une cha\u00eene anonymis\u00e9e cr\u00e9\u00e9e \u00e0 partir de votre adresse de messagerie (\u00e9galement appel\u00e9e hash) peut \u00eatre envoy\u00e9e au service Gravatar pour v\u00e9rifier si vous utilisez ce dernier. Les clauses de confidentialit\u00e9 du service Gravatar sont disponibles ici : https:\/\/automattic.com\/privacy\/. Apr\u00e8s validation de votre commentaire, votre photo de profil sera visible publiquement \u00e0 cot\u00e9 de votre commentaire. <\/p>\n\n\n\n<h3 class=\"wp-block-heading\">M\u00e9dias<\/h3>\n\n\n\n<p>Si vous \u00eates un utilisateur ou une utilisatrice enregistr\u00e9\u00b7e et que vous t\u00e9l\u00e9versez des images sur le site web, nous vous conseillons d\u2019\u00e9viter de t\u00e9l\u00e9verser des images contenant des donn\u00e9es EXIF de coordonn\u00e9es GPS. Les visiteurs de votre site web peuvent t\u00e9l\u00e9charger et extraire des donn\u00e9es de localisation depuis ces images. <\/p>\n\n\n\n<h3 class=\"wp-block-heading\">Cookies<\/h3>\n\n\n\n<p>Voir le paragraphe consacr\u00e9 \u00e0 l\u2019utilisation des cookies ci-apr\u00e8s.<\/p>\n\n\n\n<h3 class=\"wp-block-heading\">Pourquoi collectons-nous ces donn\u00e9es ?<\/h3>\n\n\n\n<p>Si vous utilisez l\u2019un de nos formulaires de contact, les informations recueillies nous sont utiles pour vous r\u00e9pondre et traiter au mieux votre demande.<\/p>\n\n\n\n<h3 class=\"wp-block-heading\">Dur\u00e9e de conservation des donn\u00e9es<\/h3>\n\n\n\n<p>Les donn\u00e9es recueillies via les diff\u00e9rents formulaires de contact ne sont conserv\u00e9es que le temps de traiter votre demande.<\/p>\n\n\n\n<p>Si vous laissez un commentaire, le commentaire et ses m\u00e9tadonn\u00e9es sont conserv\u00e9s ind\u00e9finiment. Cela permet de reconna\u00eetre et approuver automatiquement les commentaires suivants au lieu de les laisser dans la file de mod\u00e9ration. <\/p>\n\n\n\n<p>Pour les utilisateurs et utilisatrices qui s\u2019enregistrent sur notre site (si cela est possible), nous stockons \u00e9galement les donn\u00e9es personnelles indiqu\u00e9es dans leur profil. Tous les utilisateurs et utilisatrices peuvent voir, modifier ou supprimer leurs informations personnelles \u00e0 tout moment (\u00e0 l\u2019exception de leur nom d\u2019utilisateur\u00b7ice). Les gestionnaires du site peuvent aussi voir et modifier ces informations.  <\/p>\n\n\n\n<h3 class=\"wp-block-heading\">Transmission des donn\u00e9es personnelles<\/h3>\n\n\n\n<p>La soci\u00e9t\u00e9 CFATEC s\u2019engage \u00e0 ne communiquer \u00e0 aucun tiers les informations personnelles collect\u00e9es via un formulaire de contact.<\/p>\n\n\n\n<h3 class=\"wp-block-heading\">Contenu embarqu\u00e9 depuis d\u2019autres sites<\/h3>\n\n\n\n<p>Les articles de ce site peuvent inclure des contenus int\u00e9gr\u00e9s (par exemple des vid\u00e9os, images, articles\u2026). Le contenu int\u00e9gr\u00e9 depuis d\u2019autres sites se comporte de la m\u00eame mani\u00e8re que si le visiteur se rendait sur cet autre site. <\/p>\n\n\n\n<p>Ces sites web pourraient collecter des donn\u00e9es sur vous, utiliser des cookies, embarquer des outils de suivis tiers, suivre vos interactions avec ces contenus embarqu\u00e9s si vous disposez d\u2019un compte connect\u00e9 sur leur site web.<\/p>\n\n\n\n<h3 class=\"wp-block-heading\">Protection des donn\u00e9es personnelles<\/h3>\n\n\n\n<p>La soci\u00e9t\u00e9 CFATEC s\u2019assure que toutes les lois (21 juin 2014 sur la confiance dans l\u2019\u00e9conomie num\u00e9rique) et r\u00e8glements relatifs \u00e0 la protection des donn\u00e9es et la confidentialit\u00e9 (loi 78-17 relative \u00e0 l\u2019informatique, aux fichiers et aux libert\u00e9s du 6 janvier 1978 article 34) ont \u00e9t\u00e9 respect\u00e9es (pour toutes demandes veuillez nous \u00e9crire par e-mail \u00e0 l\u2019adresse contact@cfatec.fr).<\/p>\n\n\n\n<p>Seul le personnel habilit\u00e9 est autoris\u00e9, dans le cadre de son travail, \u00e0 acc\u00e9der \u00e0 vos donn\u00e9es personnelles.<\/p>\n\n\n\n<h3 class=\"wp-block-heading\">Droits que vous avez sur vos donn\u00e9es<\/h3>\n\n\n\n<p>Si vous avez un compte ou si vous avez laiss\u00e9 des commentaires sur le site, vous pouvez demander \u00e0 recevoir un fichier contenant toutes les donn\u00e9es personnelles que nous poss\u00e9dons \u00e0 votre sujet, incluant celles que vous nous avez fournies. Vous pouvez \u00e9galement demander la suppression des donn\u00e9es personnelles vous concernant. Cela ne prend pas en compte les donn\u00e9es stock\u00e9es \u00e0 des fins administratives, l\u00e9gales ou pour des raisons de s\u00e9curit\u00e9.  <\/p>\n\n\n\n<p>Conform\u00e9ment \u00e0 la loi Informatique et Libert\u00e9s du 6 janvier 1978 modifi\u00e9e, et le R\u00e8glement Europ\u00e9en G\u00e9n\u00e9ral sur la Protection des Donn\u00e9es 2016\/679 (RGPD), vous disposez des droits d\u2019acc\u00e8s, de rectification et de suppression des donn\u00e9es personnelles vous concernant que vous pouvez exercer en envoyant un mails \u00e0 l\u2019adresse <em>contact@cfatec.fr<\/em>. Cela ne prend pas en compte les donn\u00e9es stock\u00e9es \u00e0 des fins administratives, l\u00e9gales ou pour des raisons de s\u00e9curit\u00e9. <\/p>\n\n\n\n<h2 class=\"wp-block-heading\">Politique de cookies<\/h2>\n\n\n\n<h3 class=\"wp-block-heading\">Qu\u2019est-ce qu\u2019un cookie ?<\/h3>\n\n\n\n<p>Les cookies sont de petits fichiers d\u00e9pos\u00e9s sur votre ordinateur le temps de votre visite sur notre site internet. Ces fichiers contiennent des informations que le site internet utilise pour rendre la communication entre vous et votre navigateur plus efficace. <\/p>\n\n\n\n<h3 class=\"wp-block-heading\">Pourquoi utilisons nous des cookies ?<\/h3>\n\n\n\n<p>Le site<em> https:\/\/www.cfatec.fr\/ <\/em>utilise des cookies pour l\u2019analyse statistique du comportement de l\u2019ensemble de ses utilisateurs.<\/p>\n\n\n\n<p>Si vous avez un compte et que vous vous connectez sur ce site, un cookie temporaire sera cr\u00e9\u00e9 afin de d\u00e9terminer si votre navigateur accepte les cookies. Il ne contient pas de donn\u00e9es personnelles et sera supprim\u00e9 automatiquement \u00e0 la fermeture de votre navigateur. <\/p>\n\n\n\n<p>Lorsque vous vous connecterez, nous mettrons en place un certain nombre de cookies pour enregistrer vos informations de connexion et vos pr\u00e9f\u00e9rences d\u2019\u00e9cran. La dur\u00e9e de vie d\u2019un cookie de connexion est de deux jours, celle d\u2019un cookie d\u2019option d\u2019\u00e9cran est d\u2019un an. Si vous cochez \u00ab Se souvenir de moi \u00bb, votre cookie de connexion sera conserv\u00e9 pendant deux semaines. Si vous vous d\u00e9connectez de votre compte, le cookie de connexion sera effac\u00e9.   <\/p>\n\n\n\n<p>En modifiant ou en publiant un article, un cookie suppl\u00e9mentaire sera enregistr\u00e9 dans votre navigateur. Ce cookie ne comprend aucune donn\u00e9e personnelle. Il indique simplement l\u2019identifiant de l\u2019article que vous venez de modifier. Il expire au bout d\u2019un jour.   <\/p>\n\n\n\n<h3 class=\"wp-block-heading\">Quels sont les cookies utilis\u00e9s sur notre site ?<\/h3>\n\n\n\n<h4 class=\"wp-block-heading\">Cookies propres :<\/h4>\n\n\n\n<ul class=\"wp-block-list\">\n<li><strong>WordPress<\/strong> :<br\/>Si vous d\u00e9posez un commentaire sur notre site, il vous sera propos\u00e9 d\u2019enregistrer votre nom, adresse de messagerie et site web dans des cookies. C\u2019est uniquement pour votre confort afin de ne pas avoir \u00e0 saisir ces informations si vous d\u00e9posez un autre commentaire plus tard. Ces cookies expirent au bout d\u2019un an. Si vous avez un compte et que vous vous connectez sur ce site, un cookie temporaire sera cr\u00e9\u00e9 afin de d\u00e9terminer si votre navigateur accepte les cookies. Il ne contient pas de donn\u00e9es personnelles et sera supprim\u00e9 automatiquement \u00e0 la fermeture de votre navigateur. Lorsque vous vous connecterez, nous mettrons en place un certain nombre de cookies pour enregistrer vos informations de connexion et vos pr\u00e9f\u00e9rences d\u2019\u00e9cran. La dur\u00e9e de vie d\u2019un cookie de connexion est de deux jours, celle d\u2019un cookie d\u2019option d\u2019\u00e9cran est d\u2019un an. Si vous cochez \u00ab Se souvenir de moi \u00bb, votre cookie de connexion sera conserv\u00e9 pendant deux semaines. Si vous vous d\u00e9connectez de votre compte, le cookie de connexion sera effac\u00e9. En modifiant ou en publiant un article, un cookie suppl\u00e9mentaire sera enregistr\u00e9 dans votre navigateur. Ce cookie ne comprend aucune donn\u00e9e personnelle. Il indique simplement l\u2019identifiant de l\u2019article que vous venez de modifier. Il expire au bout d\u2019un jour.            <\/li>\n\n\n\n<li><strong>Tarteaucitron<\/strong>&nbsp;:<br>Nous utilisons le script de tarteaucitron afin de g\u00e9rer les cookies sur notre site internet. Ce module vous permet \u00e0 tout moment de d\u00e9cider d\u2019accepter ou non les cookies utilis\u00e9s sur notre site internet en cliquant en bas \u00e0 gauche sur le bouton \u00ab&nbsp;Gestion des Services&nbsp;\u00bb.\n<ul class=\"wp-block-list\">\n<li>Conditions G\u00e9n\u00e9rales de vente du service : <a href=\"https:\/\/opt-out.ferank.eu\/mentions\/\" target=\"_blank\" rel=\"noreferrer noopener\">https:\/\/opt-out.ferank.eu\/mentions\/<\/a><\/li>\n<\/ul>\n<\/li>\n<\/ul>\n\n\n\n<h4 class=\"wp-block-heading\">Cookies de tiers :<\/h4>\n\n\n\n<ul class=\"wp-block-list\">\n<li><strong>Google Analytics<\/strong>&nbsp;:&nbsp;Ce site utilise les services d\u2019analyse web Google Analytics de la soci\u00e9t\u00e9 Google In. (\u00ab&nbsp;Google&nbsp;\u00bb).\n<ul class=\"wp-block-list\">\n<li>Conditions G\u00e9n\u00e9rales consultables sur <a href=\"https:\/\/www.google.com\/analytics\/terms\/\" target=\"_blank\" rel=\"noreferrer noopener\">https:\/\/www.google.com\/analytics\/terms\/<\/a><\/li>\n\n\n\n<li>Politique de confidentialit\u00e9 consultable sur <a href=\"https:\/\/policies.google.com\/privacy?hl=fr\" target=\"_blank\" rel=\"noreferrer noopener\">https:\/\/policies.google.com\/privacy?hl=fr<\/a><\/li>\n\n\n\n<li>Donn\u00e9es collect\u00e9es: Pages visit\u00e9es, clics sur des rubriques particuli\u00e8res, origine de la visite (campagne marketing, Google\u2026), infos sur les recherches.<\/li>\n\n\n\n<li> Finalit\u00e9: Analyse du comportement des utilisateurs par rapport aux param\u00e8tres indiqu\u00e9s \u00e0 l\u2019aide des donn\u00e9es collect\u00e9es gr\u00e2ce aux cookies.<\/li>\n\n\n\n<li> D\u00e9sactivation: en cliquant sur \u00ab Gestion des services \u00bb, en configurant votre navigateur (*) ou gr\u00e2ce au plugin suivant <a href=\"https:\/\/tools.google.com\/dlpage\/gaoptout\" target=\"_blank\" rel=\"noreferrer noopener\">https:\/\/tools.google.com\/dlpage\/gaoptout<\/a><\/li>\n<\/ul>\n<\/li>\n<\/ul>\n\n\n\n<h3 class=\"wp-block-heading\">Comment g\u00e9rer les cookies ?<\/h3>\n\n\n\n<p>Vous pouvez \u00e0 tout moment d\u00e9sactiver l\u2019utilisation des cookies en cliquant en bas \u00e0 gauche sur \u00ab Gestion des services \u00bb, ou en modifiant les param\u00e8tres de votre navigateur. Si vous d\u00e9sactivez ces cookies, le site web pourra continuer \u00e0 fonctionner. Toutefois, votre attention est attir\u00e9e sur le fait que les informations collect\u00e9es gr\u00e2ce \u00e0 ces outils nous permettent d\u2019am\u00e9liorer nos services.  <\/p>\n\n\n\n<p>(*) Vous pouvez \u00e0 tout moment d\u00e9sactiver les cookies dans les param\u00e8tres de votre navigateur :<\/p>\n\n\n\n<ul class=\"wp-block-list\">\n<li>Chrome : <a href=\"https:\/\/support.google.com\/chrome\/answer\/95647?hl=fr\" target=\"_blank\" rel=\"noreferrer noopener\">https:\/\/support.google.com\/chrome\/answer\/95647?hl=fr<\/a><\/li>\n\n\n\n<li>Internet Explorer : <a href=\"https:\/\/support.microsoft.com\/fr-fr\/help\/17442\/windows-internet-explorer-delete-manage-cookies\" target=\"_blank\" rel=\"noreferrer noopener\">https:\/\/support.microsoft.com\/fr-fr\/help\/17442\/windows-internet-explorer-delete-manage-cookies<\/a><\/li>\n\n\n\n<li>Firefox : <a href=\"https:\/\/support.mozilla.org\/fr\/kb\/activer-desactiver-cookies-preferences\" target=\"_blank\" rel=\"noreferrer noopener\">https:\/\/support.mozilla.org\/fr\/kb\/activer-desactiver-cookies-preferences<\/a><\/li>\n\n\n\n<li>Safari : <a href=\"https:\/\/support.apple.com\/fr-fr\/guide\/safari\/sfri11471\/mac\" target=\"_blank\" rel=\"noreferrer noopener\">https:\/\/support.apple.com\/fr-fr\/guide\/safari\/sfri11471\/mac<\/a><\/li>\n<\/ul>\n\n\n\n<h2 class=\"wp-block-heading\">Informations de contact<\/h2>\n\n\n\n<p>Pour toute demande en lien avec vos donn\u00e9es priv\u00e9es, vous pouvez contacter la soci\u00e9t\u00e9 <em>CFATEC <\/em>par courrier \u00e9lectronique \u00e0 l\u2019adresse <em>contact@cfatec.fr <\/em>ou par courrier \u00e0 l\u2019adresse postale suivante : 35 r Bruscos, 64230 SAUVAGNON, France.<\/p>\n\n\n\n<h2 class=\"wp-block-heading\">Modification de la politique de confidentialit\u00e9<\/h2>\n\n\n\n<p>Les modifications de la Politique de confidentialit\u00e9 sont publi\u00e9es sur cette page. Nous vous invitons donc \u00e0 en prendre connaissance r\u00e9guli\u00e8rement. Les modifications des traitements dont la responsabilit\u00e9 est assum\u00e9e conjointement avec un Partenaire vous seront \u00e9galement communiqu\u00e9es selon les modalit\u00e9s pr\u00e9vues par ce dernier.  <\/p>\n<\/section>\n","protected":false},"excerpt":{"rendered":"<p>La pr\u00e9sente Charte de Confidentialit\u00e9 s\u2019applique \u00e0 toutes sortes d\u2019informations que nous recueillons au travers de notre site internet https:\/\/www.cfatec.fr\/, ainsi qu\u2019\u00e0 travers les diff\u00e9rents r\u00e9seaux sociaux que nous utilisons. Cette charte de Confidentialit\u00e9 s\u2019applique \u00e9galement aux donn\u00e9es \u00e9ventuellement collect\u00e9es lors d\u2019un appel t\u00e9l\u00e9phonique ou lors d\u2019un contact par mail \u00e0 notre service client. La [&hellip;]<\/p>\n","protected":false},"author":1,"featured_media":0,"parent":0,"menu_order":0,"comment_status":"closed","ping_status":"open","template":"","meta":{"_acf_changed":false,"_seopress_robots_primary_cat":"","_seopress_titles_title":"","_seopress_titles_desc":"","_seopress_robots_index":"","footnotes":""},"class_list":["post-751","page","type-page","status-publish"],"acf":[],"_links":{"self":[{"href":"https:\/\/www.cfatec.fr\/en\/wp-json\/wp\/v2\/pages\/751","targetHints":{"allow":["GET"]}}],"collection":[{"href":"https:\/\/www.cfatec.fr\/en\/wp-json\/wp\/v2\/pages"}],"about":[{"href":"https:\/\/www.cfatec.fr\/en\/wp-json\/wp\/v2\/types\/page"}],"author":[{"embeddable":true,"href":"https:\/\/www.cfatec.fr\/en\/wp-json\/wp\/v2\/users\/1"}],"replies":[{"embeddable":true,"href":"https:\/\/www.cfatec.fr\/en\/wp-json\/wp\/v2\/comments?post=751"}],"version-history":[{"count":1,"href":"https:\/\/www.cfatec.fr\/en\/wp-json\/wp\/v2\/pages\/751\/revisions"}],"predecessor-version":[{"id":752,"href":"https:\/\/www.cfatec.fr\/en\/wp-json\/wp\/v2\/pages\/751\/revisions\/752"}],"wp:attachment":[{"href":"https:\/\/www.cfatec.fr\/en\/wp-json\/wp\/v2\/media?parent=751"}],"curies":[{"name":"wp","href":"https:\/\/api.w.org\/{rel}","templated":true}]}}